{"id":7,"date":"2025-04-08T11:24:54","date_gmt":"2025-04-08T09:24:54","guid":{"rendered":"https:\/\/nassvet.splet.arnes.si\/?page_id=7"},"modified":"2025-04-10T08:04:54","modified_gmt":"2025-04-10T06:04:54","slug":"vpis","status":"publish","type":"page","link":"https:\/\/nassvet.splet.arnes.si\/?page_id=7","title":{"rendered":"Vpis"},"content":{"rendered":"\n<p>Podro\u010dna zakonodaja za podro\u010dje zasebnih vrtcev opredeljuje pravico do sofinanciranja zasebnega vrtca iz ob\u010dinskega prora\u010duna. Zasebni vrtci, ki nimajo koncesije, lahko pridobijo pravico do financiranja iz prora\u010dunov ob\u010din, \u010de izpolnjujejo naslednje pogoje:<\/p>\n\n\n\n<p>&#8211; \u010de izvajajo najmanj poldnevni program,<\/p>\n\n\n\n<p>&#8211; \u010de imajo najmanj za en oddelek pred\u0161olskih otrok,<\/p>\n\n\n\n<p>&#8211; \u010de imajo zaposlene vzgojitelje in vzgojitelje &#8211; pomo\u010dnike vzgojiteljev za izvedbo<\/p>\n\n\n\n<p>&nbsp;&nbsp; programa v skladu z zakonom in drugimi predpisi in<\/p>\n\n\n\n<p>&#8211; \u010de so dostopni vsem otrokom.<\/p>\n\n\n\n<p>Zasebni vrtec Na\u0161 svet te pogoje izpolnjuje. Za vsakega otroka zasebnemu vrtcu pripada 85% sredstev, ki se izra\u010dunajo na podlagi cene istovrstnega programa javnega vrtca na obmo\u010dju ob\u010dine, zmanj\u0161ane za znesek, ki bi ga star\u0161i pla\u010dali za otroka, \u010de bi bil otrok vklju\u010den v javni vrtec. Navedena sredstva pridobivajo zasebni vrtci po pogodbi, ki jo sklenejo z ob\u010dino, na obmo\u010dju katere ima otrok stalno prebivali\u0161\u010de.<\/p>\n\n\n\n<p>Poleg tega pa ob\u010dina lahko, \u010de tako ka\u017eejo potrebe v zvezi s pred\u0161olsko vzgojo, zasebnemu vrtcu podeli koncesijo. Podelitev koncesije pomeni, da opravlja zasebni vrtec javno slu\u017ebo in ima enak program kot javni vrtec, s posebno pogodbo o koncesiji pa se opredeli obseg sredstev, ki jih vrtcu zagotavlja ob\u010dina.<\/p>\n\n\n\n<p><strong>Ne pozabite &#8211; pri nas vpis poteka celo leto!<\/strong><\/p>\n\n\n\n<h2 class=\"wp-block-heading\"><a href=\"https:\/\/nassvet.splet.arnes.si\/files\/2025\/04\/vrtec-nas-svet-vloga-za-vpis-25-26.pdf\">Vloga za vpis v vrtec<\/a><\/h2>\n\n\n\n<p><\/p>\n","protected":false},"excerpt":{"rendered":"<p>Podro\u010dna zakonodaja za podro\u010dje zasebnih vrtcev opredeljuje pravico do sofinanciranja zasebnega vrtca iz ob\u010dinskega prora\u010duna. Zasebni vrtci, ki nimajo koncesije, lahko pridobijo pravico do financiranja iz prora\u010dunov ob\u010din, \u010de izpolnjujejo naslednje pogoje: &#8211; \u010de izvajajo najmanj poldnevni program, &#8211; \u010de &hellip; <a href=\"https:\/\/nassvet.splet.arnes.si\/?page_id=7\">Beri naprej <span class=\"meta-nav\">&rarr;<\/span><\/a><\/p>\n","protected":false},"author":118214,"featured_media":0,"parent":0,"menu_order":0,"comment_status":"closed","ping_status":"closed","template":"","meta":{"ngg_post_thumbnail":0,"footnotes":""},"class_list":["post-7","page","type-page","status-publish","hentry"],"_links":{"self":[{"href":"https:\/\/nassvet.splet.arnes.si\/index.php?rest_route=\/wp\/v2\/pages\/7","targetHints":{"allow":["GET"]}}],"collection":[{"href":"https:\/\/nassvet.splet.arnes.si\/index.php?rest_route=\/wp\/v2\/pages"}],"about":[{"href":"https:\/\/nassvet.splet.arnes.si\/index.php?rest_route=\/wp\/v2\/types\/page"}],"author":[{"embeddable":true,"href":"https:\/\/nassvet.splet.arnes.si\/index.php?rest_route=\/wp\/v2\/users\/118214"}],"replies":[{"embeddable":true,"href":"https:\/\/nassvet.splet.arnes.si\/index.php?rest_route=%2Fwp%2Fv2%2Fcomments&post=7"}],"version-history":[{"count":5,"href":"https:\/\/nassvet.splet.arnes.si\/index.php?rest_route=\/wp\/v2\/pages\/7\/revisions"}],"predecessor-version":[{"id":178,"href":"https:\/\/nassvet.splet.arnes.si\/index.php?rest_route=\/wp\/v2\/pages\/7\/revisions\/178"}],"wp:attachment":[{"href":"https:\/\/nassvet.splet.arnes.si\/index.php?rest_route=%2Fwp%2Fv2%2Fmedia&parent=7"}],"curies":[{"name":"wp","href":"https:\/\/api.w.org\/{rel}","templated":true}]}}