{"id":11,"date":"2025-04-08T11:24:54","date_gmt":"2025-04-08T09:24:54","guid":{"rendered":"https:\/\/nassvet.splet.arnes.si\/?page_id=11"},"modified":"2025-04-10T08:05:43","modified_gmt":"2025-04-10T06:05:43","slug":"koticek-za-starse","status":"publish","type":"page","link":"https:\/\/nassvet.splet.arnes.si\/?page_id=11","title":{"rendered":"Koti\u010dek za star\u0161e"},"content":{"rendered":"\n<p><strong><a href=\"https:\/\/nassvet.splet.arnes.si\/files\/2025\/04\/vrtec-nas-svet-vloga-za-vpis-25-26.pdf\">Vloga za vpis v vrtec<\/a><\/strong><\/p>\n\n\n\n<p>Kako pravilno re\u010dem \u010drko S? <a href=\"https:\/\/www.youtube.com\/watch?v=zmWMXrOfg-w&amp;t=4s\">GingoTalk in TimmyKidsTV &#8211; Gingo nas u\u010di S<\/a><\/p>\n\n\n\n<p><\/p>\n","protected":false},"excerpt":{"rendered":"<p>Vloga za vpis v vrtec Kako pravilno re\u010dem \u010drko S? GingoTalk in TimmyKidsTV &#8211; Gingo nas u\u010di S<\/p>\n","protected":false},"author":118214,"featured_media":0,"parent":0,"menu_order":0,"comment_status":"closed","ping_status":"closed","template":"","meta":{"ngg_post_thumbnail":0,"footnotes":""},"class_list":["post-11","page","type-page","status-publish","hentry"],"_links":{"self":[{"href":"https:\/\/nassvet.splet.arnes.si\/index.php?rest_route=\/wp\/v2\/pages\/11","targetHints":{"allow":["GET"]}}],"collection":[{"href":"https:\/\/nassvet.splet.arnes.si\/index.php?rest_route=\/wp\/v2\/pages"}],"about":[{"href":"https:\/\/nassvet.splet.arnes.si\/index.php?rest_route=\/wp\/v2\/types\/page"}],"author":[{"embeddable":true,"href":"https:\/\/nassvet.splet.arnes.si\/index.php?rest_route=\/wp\/v2\/users\/118214"}],"replies":[{"embeddable":true,"href":"https:\/\/nassvet.splet.arnes.si\/index.php?rest_route=%2Fwp%2Fv2%2Fcomments&post=11"}],"version-history":[{"count":6,"href":"https:\/\/nassvet.splet.arnes.si\/index.php?rest_route=\/wp\/v2\/pages\/11\/revisions"}],"predecessor-version":[{"id":179,"href":"https:\/\/nassvet.splet.arnes.si\/index.php?rest_route=\/wp\/v2\/pages\/11\/revisions\/179"}],"wp:attachment":[{"href":"https:\/\/nassvet.splet.arnes.si\/index.php?rest_route=%2Fwp%2Fv2%2Fmedia&parent=11"}],"curies":[{"name":"wp","href":"https:\/\/api.w.org\/{rel}","templated":true}]}}